{"id":301,"date":"2019-02-18T14:33:34","date_gmt":"2019-02-18T13:33:34","guid":{"rendered":"http:\/\/85.25.100.61\/2019\/wordpress\/stella-gallery\/?page_id=301"},"modified":"2019-07-13T12:28:00","modified_gmt":"2019-07-13T10:28:00","slug":"contactez-nous","status":"publish","type":"page","link":"https:\/\/www.stella-gallery.com\/fr\/contactez-nous\/","title":{"rendered":"Contactez  nous"},"content":{"rendered":"\r\n<p>stella\u2014gallery repr\u00e9sente une fine s\u00e9lection de biens prestigieux sur l\u2019ensemble du Maroc.<\/p>\r\n","protected":false},"excerpt":{"rendered":"<p>stella\u2014gallery repr\u00e9sente une fine s\u00e9lection de biens prestigieux sur l\u2019ensemble du Maroc.<\/p>\n","protected":false},"author":1,"featured_media":118,"parent":0,"menu_order":0,"comment_status":"closed","ping_status":"closed","template":"page-contact.php","meta":{"_acf_changed":false,"_exactmetrics_skip_tracking":false,"_exactmetrics_sitenote_active":false,"_exactmetrics_sitenote_note":"","_exactmetrics_sitenote_category":0,"footnotes":""},"class_list":["post-301","page","type-page","status-publish","has-post-thumbnail","hentry"],"acf":[],"yoast_head":"<!-- This site is optimized with the Yoast SEO plugin v27.3 - https:\/\/yoast.com\/product\/yoast-seo-wordpress\/ -->\n<title>D\u00e9couvrez les villas \u00e0 acheter - Contactez-nous - Stella Gallery<\/title>\n<meta name=\"description\" content=\"D\u00e9couvrez la Collection de villas \u00e0 acheter de Stella Gallery, vous y trouverez des biens immobiliers exceptionnels. Contactez-nous.\" \/>\n<meta name=\"robots\" content=\"index, follow, max-snippet:-1, max-image-preview:large, max-video-preview:-1\" \/>\n<link rel=\"canonical\" href=\"https:\/\/www.stella-gallery.com\/fr\/contactez-nous\/\" \/>\n<meta property=\"og:locale\" content=\"fr_FR\" \/>\n<meta property=\"og:type\" content=\"article\" \/>\n<meta property=\"og:title\" content=\"D\u00e9couvrez les villas \u00e0 acheter - Contactez-nous - Stella Gallery\" \/>\n<meta property=\"og:description\" content=\"D\u00e9couvrez la Collection de villas \u00e0 acheter de Stella Gallery, vous y trouverez des biens immobiliers exceptionnels. Contactez-nous.\" \/>\n<meta property=\"og:url\" content=\"https:\/\/www.stella-gallery.com\/fr\/contactez-nous\/\" \/>\n<meta property=\"og:site_name\" content=\"Stella Gallery\" \/>\n<meta property=\"article:modified_time\" content=\"2019-07-13T10:28:00+00:00\" \/>\n<meta property=\"og:image\" content=\"https:\/\/www.stella-gallery.com\/wp-content\/uploads\/2019\/04\/01-VillaP-StellaGallery-2.jpg\" \/>\n\t<meta property=\"og:image:width\" content=\"930\" \/>\n\t<meta property=\"og:image:height\" content=\"600\" \/>\n\t<meta property=\"og:image:type\" content=\"image\/jpeg\" \/>\n<meta name=\"twitter:card\" content=\"summary_large_image\" \/>\n<meta name=\"twitter:title\" content=\"D\u00e9couvrez les villas \u00e0 acheter - Contactez-nous - Stella Gallery\" \/>\n<meta name=\"twitter:description\" content=\"D\u00e9couvrez la Collection de villas \u00e0 acheter de Stella Gallery, vous y trouverez des biens immobiliers exceptionnels. Contactez-nous.\" \/>\n<meta name=\"twitter:image\" content=\"https:\/\/www.stella-gallery.com\/wp-content\/uploads\/2019\/04\/01-VillaP-StellaGallery-2.jpg\" \/>\n<script type=\"application\/ld+json\" class=\"yoast-schema-graph\">{\"@context\":\"https:\\\/\\\/schema.org\",\"@graph\":[{\"@type\":\"WebPage\",\"@id\":\"https:\\\/\\\/www.stella-gallery.com\\\/fr\\\/contactez-nous\\\/\",\"url\":\"https:\\\/\\\/www.stella-gallery.com\\\/fr\\\/contactez-nous\\\/\",\"name\":\"D\u00e9couvrez les villas \u00e0 acheter - Contactez-nous - Stella Gallery\",\"isPartOf\":{\"@id\":\"https:\\\/\\\/www.stella-gallery.com\\\/fr\\\/#website\"},\"primaryImageOfPage\":{\"@id\":\"https:\\\/\\\/www.stella-gallery.com\\\/fr\\\/contactez-nous\\\/#primaryimage\"},\"image\":{\"@id\":\"https:\\\/\\\/www.stella-gallery.com\\\/fr\\\/contactez-nous\\\/#primaryimage\"},\"thumbnailUrl\":\"https:\\\/\\\/www.stella-gallery.com\\\/wp-content\\\/uploads\\\/2019\\\/02\\\/img10.jpg\",\"datePublished\":\"2019-02-18T13:33:34+00:00\",\"dateModified\":\"2019-07-13T10:28:00+00:00\",\"description\":\"D\u00e9couvrez la Collection de villas \u00e0 acheter de Stella Gallery, vous y trouverez des biens immobiliers exceptionnels. Contactez-nous.\",\"breadcrumb\":{\"@id\":\"https:\\\/\\\/www.stella-gallery.com\\\/fr\\\/contactez-nous\\\/#breadcrumb\"},\"inLanguage\":\"fr-FR\",\"potentialAction\":[{\"@type\":\"ReadAction\",\"target\":[\"https:\\\/\\\/www.stella-gallery.com\\\/fr\\\/contactez-nous\\\/\"]}]},{\"@type\":\"ImageObject\",\"inLanguage\":\"fr-FR\",\"@id\":\"https:\\\/\\\/www.stella-gallery.com\\\/fr\\\/contactez-nous\\\/#primaryimage\",\"url\":\"https:\\\/\\\/www.stella-gallery.com\\\/wp-content\\\/uploads\\\/2019\\\/02\\\/img10.jpg\",\"contentUrl\":\"https:\\\/\\\/www.stella-gallery.com\\\/wp-content\\\/uploads\\\/2019\\\/02\\\/img10.jpg\",\"width\":1366,\"height\":572},{\"@type\":\"BreadcrumbList\",\"@id\":\"https:\\\/\\\/www.stella-gallery.com\\\/fr\\\/contactez-nous\\\/#breadcrumb\",\"itemListElement\":[{\"@type\":\"ListItem\",\"position\":1,\"name\":\"Home\",\"item\":\"https:\\\/\\\/www.stella-gallery.com\\\/fr\\\/\"},{\"@type\":\"ListItem\",\"position\":2,\"name\":\"Contactez nous\"}]},{\"@type\":\"WebSite\",\"@id\":\"https:\\\/\\\/www.stella-gallery.com\\\/fr\\\/#website\",\"url\":\"https:\\\/\\\/www.stella-gallery.com\\\/fr\\\/\",\"name\":\"Stella Gallery\",\"description\":\"\",\"potentialAction\":[{\"@type\":\"SearchAction\",\"target\":{\"@type\":\"EntryPoint\",\"urlTemplate\":\"https:\\\/\\\/www.stella-gallery.com\\\/fr\\\/?s={search_term_string}\"},\"query-input\":{\"@type\":\"PropertyValueSpecification\",\"valueRequired\":true,\"valueName\":\"search_term_string\"}}],\"inLanguage\":\"fr-FR\"}]}<\/script>\n<!-- \/ Yoast SEO plugin. -->","yoast_head_json":{"title":"D\u00e9couvrez les villas \u00e0 acheter - Contactez-nous - Stella Gallery","description":"D\u00e9couvrez la Collection de villas \u00e0 acheter de Stella Gallery, vous y trouverez des biens immobiliers exceptionnels. Contactez-nous.","robots":{"index":"index","follow":"follow","max-snippet":"max-snippet:-1","max-image-preview":"max-image-preview:large","max-video-preview":"max-video-preview:-1"},"canonical":"https:\/\/www.stella-gallery.com\/fr\/contactez-nous\/","og_locale":"fr_FR","og_type":"article","og_title":"D\u00e9couvrez les villas \u00e0 acheter - Contactez-nous - Stella Gallery","og_description":"D\u00e9couvrez la Collection de villas \u00e0 acheter de Stella Gallery, vous y trouverez des biens immobiliers exceptionnels. Contactez-nous.","og_url":"https:\/\/www.stella-gallery.com\/fr\/contactez-nous\/","og_site_name":"Stella Gallery","article_modified_time":"2019-07-13T10:28:00+00:00","og_image":[{"width":930,"height":600,"url":"https:\/\/www.stella-gallery.com\/wp-content\/uploads\/2019\/04\/01-VillaP-StellaGallery-2.jpg","type":"image\/jpeg"}],"twitter_card":"summary_large_image","twitter_title":"D\u00e9couvrez les villas \u00e0 acheter - Contactez-nous - Stella Gallery","twitter_description":"D\u00e9couvrez la Collection de villas \u00e0 acheter de Stella Gallery, vous y trouverez des biens immobiliers exceptionnels. Contactez-nous.","twitter_image":"https:\/\/www.stella-gallery.com\/wp-content\/uploads\/2019\/04\/01-VillaP-StellaGallery-2.jpg","schema":{"@context":"https:\/\/schema.org","@graph":[{"@type":"WebPage","@id":"https:\/\/www.stella-gallery.com\/fr\/contactez-nous\/","url":"https:\/\/www.stella-gallery.com\/fr\/contactez-nous\/","name":"D\u00e9couvrez les villas \u00e0 acheter - Contactez-nous - Stella Gallery","isPartOf":{"@id":"https:\/\/www.stella-gallery.com\/fr\/#website"},"primaryImageOfPage":{"@id":"https:\/\/www.stella-gallery.com\/fr\/contactez-nous\/#primaryimage"},"image":{"@id":"https:\/\/www.stella-gallery.com\/fr\/contactez-nous\/#primaryimage"},"thumbnailUrl":"https:\/\/www.stella-gallery.com\/wp-content\/uploads\/2019\/02\/img10.jpg","datePublished":"2019-02-18T13:33:34+00:00","dateModified":"2019-07-13T10:28:00+00:00","description":"D\u00e9couvrez la Collection de villas \u00e0 acheter de Stella Gallery, vous y trouverez des biens immobiliers exceptionnels. Contactez-nous.","breadcrumb":{"@id":"https:\/\/www.stella-gallery.com\/fr\/contactez-nous\/#breadcrumb"},"inLanguage":"fr-FR","potentialAction":[{"@type":"ReadAction","target":["https:\/\/www.stella-gallery.com\/fr\/contactez-nous\/"]}]},{"@type":"ImageObject","inLanguage":"fr-FR","@id":"https:\/\/www.stella-gallery.com\/fr\/contactez-nous\/#primaryimage","url":"https:\/\/www.stella-gallery.com\/wp-content\/uploads\/2019\/02\/img10.jpg","contentUrl":"https:\/\/www.stella-gallery.com\/wp-content\/uploads\/2019\/02\/img10.jpg","width":1366,"height":572},{"@type":"BreadcrumbList","@id":"https:\/\/www.stella-gallery.com\/fr\/contactez-nous\/#breadcrumb","itemListElement":[{"@type":"ListItem","position":1,"name":"Home","item":"https:\/\/www.stella-gallery.com\/fr\/"},{"@type":"ListItem","position":2,"name":"Contactez nous"}]},{"@type":"WebSite","@id":"https:\/\/www.stella-gallery.com\/fr\/#website","url":"https:\/\/www.stella-gallery.com\/fr\/","name":"Stella Gallery","description":"","potentialAction":[{"@type":"SearchAction","target":{"@type":"EntryPoint","urlTemplate":"https:\/\/www.stella-gallery.com\/fr\/?s={search_term_string}"},"query-input":{"@type":"PropertyValueSpecification","valueRequired":true,"valueName":"search_term_string"}}],"inLanguage":"fr-FR"}]}},"_links":{"self":[{"href":"https:\/\/www.stella-gallery.com\/fr\/wp-json\/wp\/v2\/pages\/301","targetHints":{"allow":["GET"]}}],"collection":[{"href":"https:\/\/www.stella-gallery.com\/fr\/wp-json\/wp\/v2\/pages"}],"about":[{"href":"https:\/\/www.stella-gallery.com\/fr\/wp-json\/wp\/v2\/types\/page"}],"author":[{"embeddable":true,"href":"https:\/\/www.stella-gallery.com\/fr\/wp-json\/wp\/v2\/users\/1"}],"replies":[{"embeddable":true,"href":"https:\/\/www.stella-gallery.com\/fr\/wp-json\/wp\/v2\/comments?post=301"}],"version-history":[{"count":2,"href":"https:\/\/www.stella-gallery.com\/fr\/wp-json\/wp\/v2\/pages\/301\/revisions"}],"predecessor-version":[{"id":2077,"href":"https:\/\/www.stella-gallery.com\/fr\/wp-json\/wp\/v2\/pages\/301\/revisions\/2077"}],"wp:featuredmedia":[{"embeddable":true,"href":"https:\/\/www.stella-gallery.com\/fr\/wp-json\/wp\/v2\/media\/118"}],"wp:attachment":[{"href":"https:\/\/www.stella-gallery.com\/fr\/wp-json\/wp\/v2\/media?parent=301"}],"curies":[{"name":"wp","href":"https:\/\/api.w.org\/{rel}","templated":true}]}}