{"id":157,"date":"2019-02-17T12:37:01","date_gmt":"2019-02-17T11:37:01","guid":{"rendered":"http:\/\/85.25.100.61\/2019\/wordpress\/stella-gallery\/?page_id=157"},"modified":"2019-07-13T12:40:40","modified_gmt":"2019-07-13T10:40:40","slug":"qui-sommes-nous","status":"publish","type":"page","link":"https:\/\/www.stella-gallery.com\/fr\/qui-sommes-nous\/","title":{"rendered":"Qui sommes-nous ?"},"content":{"rendered":"\r\n<h2 class=\"wp-block-heading\">stella\u2014gallery est n\u00e9e de l\u2019id\u00e9e de faire l\u2019acquisition d\u2019une maison comme celle d\u2019une \u0153uvre d\u2019art.<\/h2>\r\n\r\n\r\n\r\n<p class=\"CorpsA\">Offrir \u00e0 ses clients d\u2019acqu\u00e9rir une maison comme on choisit une \u0153uvre d\u2019art, dans un m\u00eame mouvement d\u2019enthousiasme intime et de clairvoyance patrimoniale. Telle est l\u2019ambition de Stella-Gallery, agence immobili\u00e8re d\u2019un nouveau genre n\u00e9e de la volont\u00e9 de sa fondatrice, Stella de Bagneux, de r\u00e9unir ses deux passions et champs d\u2019expertise : l\u2019art et l\u2019immobilier haut de gamme. \u201cCe mariage sonnait comme une \u00e9vidence. Un bien d\u2019exception s\u2019apparente bien souvent \u00e0 un d\u00e9fi architectural admirablement relev\u00e9. C\u2019est la concr\u00e9tisation d\u2019une aspiration esth\u00e9tique. Et comment mieux le mettre en valeur qu\u2019en le parant d\u2019\u0153uvres d\u2019art glan\u00e9es sur place ?\u201d<\/p>\r\n<p class=\"CorpsA\">\u00a0<\/p>\r\n<p class=\"CorpsA\">Le march\u00e9 immobilier marocain affiche une forte diversit\u00e9, en particulier \u00e0 Marrakech. Difficile de s\u2019y retrouver dans cette offre h\u00e9t\u00e9roclite o\u00f9 le pire peut, pour un \u0153il non exerc\u00e9, rev\u00eatir les habits du meilleur. Aussi intransigeante sur l\u2019emplacement des propri\u00e9t\u00e9s que sur la qualit\u00e9 des terrains, des mat\u00e9riaux de construction et de l\u2019am\u00e9nagement int\u00e9rieur, <span lang=\"IT\">Stella\u00a0<\/span>opte pour une collection de biens \u00e0 la vente et \u00e0 la location saisonni\u00e8re volontairement resserr\u00e9e. Elle vous propose aussi de d\u00e9couvrir ses coups de c\u0153ur artistiques et de rencontrer leurs cr\u00e9ateurs. Autant de raisons qui ont imm\u00e9diatement convaincu le r\u00e9f\u00e9rent de l\u2019immobilier international, <span lang=\"EN-US\">Knight Frank<\/span>, de choisir Stella\u2014Gallery comme agent r\u00e9f\u00e9rent dans la r\u00e9gion Marrakech-Safi.<\/p>\r\n<p>&nbsp;<\/p>\r\n<p class=\"CorpsA\"><span lang=\"EN-US\">K<\/span><span lang=\"EN-US\">NIGHT FRANK\u00a0<\/span><span lang=\"EN-US\">LLP<\/span><span lang=\"EN-US\">,\u00a0<b><\/b>soci\u00e9t\u00e9 britannique cr\u00e9\u00e9e il y a plus de 120 ans, <\/span><span lang=\"EN-US\">est le leader mondial ind\u00e9pendant en conseil immobilier s\u2019appuyant sur<\/span><span lang=\"EN-US\">plus de 18\u00a0000 \u00a0professionnels r\u00e9partis dans 523 bureaux<\/span><span lang=\"EN-US\">\u00a0et sur 60 territoires. <\/span><span lang=\"EN-US\">E<\/span><span lang=\"EN-US\">n <\/span><span lang=\"EN-US\">qualit\u00e9 d\u2019<\/span><span lang=\"EN-US\">agent r\u00e9f\u00e9rent de Knight Frank\u00a0<\/span><span lang=\"EN-US\">dans la r\u00e9gion Marrakech-Safi<\/span><span lang=\"EN-US\">, nous travaillons en \u00e9troite collaboration avec le r\u00e9seau Knight Frank, l\u2019\u00e9quilibre parfait entre connaissances locales et port\u00e9e mondiale.<\/span><\/p>\r\n<p>&nbsp;<\/p>\r\n<p><strong>Nos engagements :<\/strong><\/p>\r\n<p><em><strong>Exp\u00e9rience\u00a0:<\/strong><\/em> Une compr\u00e9hension parfaite de vos besoins<\/p>\r\n<p><strong><em>Exclusivit\u00e9\u00a0:<\/em><\/strong> Un portefeuille des plus beaux produits r\u00e9sidentiels sur le march\u00e9.<\/p>\r\n<p><em><strong>Exposition\u00a0:<\/strong><\/em> Une visibilit\u00e9 optimale de vos biens aupr\u00e8s d\u2019une cible captive.<\/p>\r\n<p><em><strong>Efficacit\u00e9\u00a0:<\/strong><\/em> <span lang=\"EN-US\">Un service sur-mesure et un accompagnement \u00e0 chaque \u00e9tape de votre projet, de l\u2019acquisition \u00e0 la gestion du bien.<\/span><\/p>\r\n","protected":false},"excerpt":{"rendered":"<p>stella\u2014gallery est n\u00e9e de l\u2019id\u00e9e de faire l\u2019acquisition d\u2019une maison comme celle d\u2019une \u0153uvre d\u2019art. Offrir \u00e0 ses clients d\u2019acqu\u00e9rir une maison comme on choisit une \u0153uvre d\u2019art, dans un m\u00eame mouvement d\u2019enthousiasme intime et de clairvoyance patrimoniale. Telle est l\u2019ambition de Stella-Gallery, agence immobili\u00e8re d\u2019un nouveau genre n\u00e9e de la volont\u00e9 de sa fondatrice, [&hellip;]<\/p>\n","protected":false},"author":1,"featured_media":0,"parent":0,"menu_order":0,"comment_status":"closed","ping_status":"closed","template":"page-about.php","meta":{"_acf_changed":false,"_exactmetrics_skip_tracking":false,"_exactmetrics_sitenote_active":false,"_exactmetrics_sitenote_note":"","_exactmetrics_sitenote_category":0,"footnotes":""},"class_list":["post-157","page","type-page","status-publish","hentry"],"acf":[],"yoast_head":"<!-- This site is optimized with the Yoast SEO plugin v27.3 - https:\/\/yoast.com\/product\/yoast-seo-wordpress\/ -->\n<title>Agence immobili\u00e8re : vente et location au Maroc - Stella Gallery<\/title>\n<meta name=\"description\" content=\"Agence immobili\u00e8re d\u2019un nouveau genre : le parcours professionnel de Stella l\u2019a naturellement amen\u00e9e \u00e0 utiliser sa parfaite connaissance du luxe et du service haut de gamme dans son propre domaine de travail.\" \/>\n<meta name=\"robots\" content=\"index, follow, max-snippet:-1, max-image-preview:large, max-video-preview:-1\" \/>\n<link rel=\"canonical\" href=\"https:\/\/www.stella-gallery.com\/fr\/qui-sommes-nous\/\" \/>\n<meta property=\"og:locale\" content=\"fr_FR\" \/>\n<meta property=\"og:type\" content=\"article\" \/>\n<meta property=\"og:title\" content=\"Agence immobili\u00e8re : vente et location au Maroc - Stella Gallery\" \/>\n<meta property=\"og:description\" content=\"Agence immobili\u00e8re d\u2019un nouveau genre : le parcours professionnel de Stella l\u2019a naturellement amen\u00e9e \u00e0 utiliser sa parfaite connaissance du luxe et du service haut de gamme dans son propre domaine de travail.\" \/>\n<meta property=\"og:url\" content=\"https:\/\/www.stella-gallery.com\/fr\/qui-sommes-nous\/\" \/>\n<meta property=\"og:site_name\" content=\"Stella Gallery\" \/>\n<meta property=\"article:modified_time\" content=\"2019-07-13T10:40:40+00:00\" \/>\n<meta property=\"og:image\" content=\"https:\/\/www.stella-gallery.com\/wp-content\/uploads\/2019\/04\/12-VillaP-StellaGallery-1.jpg\" \/>\n\t<meta property=\"og:image:width\" content=\"930\" \/>\n\t<meta property=\"og:image:height\" content=\"600\" \/>\n\t<meta property=\"og:image:type\" content=\"image\/jpeg\" \/>\n<meta name=\"twitter:card\" content=\"summary_large_image\" \/>\n<meta name=\"twitter:title\" content=\"Agence immobili\u00e8re : vente et location au Maroc - Stella Gallery\" \/>\n<meta name=\"twitter:description\" content=\"Agence immobili\u00e8re d\u2019un nouveau genre : le parcours professionnel de Stella l\u2019a naturellement amen\u00e9e \u00e0 utiliser sa parfaite connaissance du luxe et du service haut de gamme dans son propre domaine de travail.\" \/>\n<meta name=\"twitter:image\" content=\"https:\/\/www.stella-gallery.com\/wp-content\/uploads\/2019\/04\/12-VillaP-StellaGallery-1.jpg\" \/>\n<meta name=\"twitter:label1\" content=\"Dur\u00e9e de lecture estim\u00e9e\" \/>\n\t<meta name=\"twitter:data1\" content=\"2 minutes\" \/>\n<script type=\"application\/ld+json\" class=\"yoast-schema-graph\">{\"@context\":\"https:\\\/\\\/schema.org\",\"@graph\":[{\"@type\":\"WebPage\",\"@id\":\"https:\\\/\\\/www.stella-gallery.com\\\/fr\\\/qui-sommes-nous\\\/\",\"url\":\"https:\\\/\\\/www.stella-gallery.com\\\/fr\\\/qui-sommes-nous\\\/\",\"name\":\"Agence immobili\u00e8re : vente et location au Maroc - Stella Gallery\",\"isPartOf\":{\"@id\":\"https:\\\/\\\/www.stella-gallery.com\\\/fr\\\/#website\"},\"datePublished\":\"2019-02-17T11:37:01+00:00\",\"dateModified\":\"2019-07-13T10:40:40+00:00\",\"description\":\"Agence immobili\u00e8re d\u2019un nouveau genre : le parcours professionnel de Stella l\u2019a naturellement amen\u00e9e \u00e0 utiliser sa parfaite connaissance du luxe et du service haut de gamme dans son propre domaine de travail.\",\"breadcrumb\":{\"@id\":\"https:\\\/\\\/www.stella-gallery.com\\\/fr\\\/qui-sommes-nous\\\/#breadcrumb\"},\"inLanguage\":\"fr-FR\",\"potentialAction\":[{\"@type\":\"ReadAction\",\"target\":[\"https:\\\/\\\/www.stella-gallery.com\\\/fr\\\/qui-sommes-nous\\\/\"]}]},{\"@type\":\"BreadcrumbList\",\"@id\":\"https:\\\/\\\/www.stella-gallery.com\\\/fr\\\/qui-sommes-nous\\\/#breadcrumb\",\"itemListElement\":[{\"@type\":\"ListItem\",\"position\":1,\"name\":\"Home\",\"item\":\"https:\\\/\\\/www.stella-gallery.com\\\/fr\\\/\"},{\"@type\":\"ListItem\",\"position\":2,\"name\":\"Qui sommes-nous ?\"}]},{\"@type\":\"WebSite\",\"@id\":\"https:\\\/\\\/www.stella-gallery.com\\\/fr\\\/#website\",\"url\":\"https:\\\/\\\/www.stella-gallery.com\\\/fr\\\/\",\"name\":\"Stella Gallery\",\"description\":\"\",\"potentialAction\":[{\"@type\":\"SearchAction\",\"target\":{\"@type\":\"EntryPoint\",\"urlTemplate\":\"https:\\\/\\\/www.stella-gallery.com\\\/fr\\\/?s={search_term_string}\"},\"query-input\":{\"@type\":\"PropertyValueSpecification\",\"valueRequired\":true,\"valueName\":\"search_term_string\"}}],\"inLanguage\":\"fr-FR\"}]}<\/script>\n<!-- \/ Yoast SEO plugin. -->","yoast_head_json":{"title":"Agence immobili\u00e8re : vente et location au Maroc - Stella Gallery","description":"Agence immobili\u00e8re d\u2019un nouveau genre : le parcours professionnel de Stella l\u2019a naturellement amen\u00e9e \u00e0 utiliser sa parfaite connaissance du luxe et du service haut de gamme dans son propre domaine de travail.","robots":{"index":"index","follow":"follow","max-snippet":"max-snippet:-1","max-image-preview":"max-image-preview:large","max-video-preview":"max-video-preview:-1"},"canonical":"https:\/\/www.stella-gallery.com\/fr\/qui-sommes-nous\/","og_locale":"fr_FR","og_type":"article","og_title":"Agence immobili\u00e8re : vente et location au Maroc - Stella Gallery","og_description":"Agence immobili\u00e8re d\u2019un nouveau genre : le parcours professionnel de Stella l\u2019a naturellement amen\u00e9e \u00e0 utiliser sa parfaite connaissance du luxe et du service haut de gamme dans son propre domaine de travail.","og_url":"https:\/\/www.stella-gallery.com\/fr\/qui-sommes-nous\/","og_site_name":"Stella Gallery","article_modified_time":"2019-07-13T10:40:40+00:00","og_image":[{"width":930,"height":600,"url":"https:\/\/www.stella-gallery.com\/wp-content\/uploads\/2019\/04\/12-VillaP-StellaGallery-1.jpg","type":"image\/jpeg"}],"twitter_card":"summary_large_image","twitter_title":"Agence immobili\u00e8re : vente et location au Maroc - Stella Gallery","twitter_description":"Agence immobili\u00e8re d\u2019un nouveau genre : le parcours professionnel de Stella l\u2019a naturellement amen\u00e9e \u00e0 utiliser sa parfaite connaissance du luxe et du service haut de gamme dans son propre domaine de travail.","twitter_image":"https:\/\/www.stella-gallery.com\/wp-content\/uploads\/2019\/04\/12-VillaP-StellaGallery-1.jpg","twitter_misc":{"Dur\u00e9e de lecture estim\u00e9e":"2 minutes"},"schema":{"@context":"https:\/\/schema.org","@graph":[{"@type":"WebPage","@id":"https:\/\/www.stella-gallery.com\/fr\/qui-sommes-nous\/","url":"https:\/\/www.stella-gallery.com\/fr\/qui-sommes-nous\/","name":"Agence immobili\u00e8re : vente et location au Maroc - Stella Gallery","isPartOf":{"@id":"https:\/\/www.stella-gallery.com\/fr\/#website"},"datePublished":"2019-02-17T11:37:01+00:00","dateModified":"2019-07-13T10:40:40+00:00","description":"Agence immobili\u00e8re d\u2019un nouveau genre : le parcours professionnel de Stella l\u2019a naturellement amen\u00e9e \u00e0 utiliser sa parfaite connaissance du luxe et du service haut de gamme dans son propre domaine de travail.","breadcrumb":{"@id":"https:\/\/www.stella-gallery.com\/fr\/qui-sommes-nous\/#breadcrumb"},"inLanguage":"fr-FR","potentialAction":[{"@type":"ReadAction","target":["https:\/\/www.stella-gallery.com\/fr\/qui-sommes-nous\/"]}]},{"@type":"BreadcrumbList","@id":"https:\/\/www.stella-gallery.com\/fr\/qui-sommes-nous\/#breadcrumb","itemListElement":[{"@type":"ListItem","position":1,"name":"Home","item":"https:\/\/www.stella-gallery.com\/fr\/"},{"@type":"ListItem","position":2,"name":"Qui sommes-nous ?"}]},{"@type":"WebSite","@id":"https:\/\/www.stella-gallery.com\/fr\/#website","url":"https:\/\/www.stella-gallery.com\/fr\/","name":"Stella Gallery","description":"","potentialAction":[{"@type":"SearchAction","target":{"@type":"EntryPoint","urlTemplate":"https:\/\/www.stella-gallery.com\/fr\/?s={search_term_string}"},"query-input":{"@type":"PropertyValueSpecification","valueRequired":true,"valueName":"search_term_string"}}],"inLanguage":"fr-FR"}]}},"_links":{"self":[{"href":"https:\/\/www.stella-gallery.com\/fr\/wp-json\/wp\/v2\/pages\/157","targetHints":{"allow":["GET"]}}],"collection":[{"href":"https:\/\/www.stella-gallery.com\/fr\/wp-json\/wp\/v2\/pages"}],"about":[{"href":"https:\/\/www.stella-gallery.com\/fr\/wp-json\/wp\/v2\/types\/page"}],"author":[{"embeddable":true,"href":"https:\/\/www.stella-gallery.com\/fr\/wp-json\/wp\/v2\/users\/1"}],"replies":[{"embeddable":true,"href":"https:\/\/www.stella-gallery.com\/fr\/wp-json\/wp\/v2\/comments?post=157"}],"version-history":[{"count":46,"href":"https:\/\/www.stella-gallery.com\/fr\/wp-json\/wp\/v2\/pages\/157\/revisions"}],"predecessor-version":[{"id":3690,"href":"https:\/\/www.stella-gallery.com\/fr\/wp-json\/wp\/v2\/pages\/157\/revisions\/3690"}],"wp:attachment":[{"href":"https:\/\/www.stella-gallery.com\/fr\/wp-json\/wp\/v2\/media?parent=157"}],"curies":[{"name":"wp","href":"https:\/\/api.w.org\/{rel}","templated":true}]}}