{"id":117,"date":"2019-02-17T11:33:54","date_gmt":"2019-02-17T10:33:54","guid":{"rendered":"http:\/\/85.25.100.61\/2019\/wordpress\/stella-gallery\/?page_id=117"},"modified":"2019-07-15T19:10:53","modified_gmt":"2019-07-15T17:10:53","slug":"philosophie","status":"publish","type":"page","link":"https:\/\/www.stella-gallery.com\/fr\/philosophie\/","title":{"rendered":"Philosophie"},"content":{"rendered":"\r\n<h2 class=\"wp-block-heading\">Notre d\u00e9marche<\/h2>\r\n<h2>\r\n\r\n<\/h2>\r\n<p>Valeurs d\u2018investissement refuges, l\u2019immobilier de luxe et le monde de l\u2019art sont intimement li\u00e9s. Qu\u2019est-ce qu\u2019un bien immobilier d\u2019exception sinon une oeuvre d\u2019art habitable ? Mais une maison est bien plus qu\u2019un simple \u00e9crin : elle a aussi une \u00e2me, reflet de la personnalit\u00e9 de ses propri\u00e9taires comme du lieu o\u00f9 elle est ancr\u00e9e.<span class=\"Apple-converted-space\">\u00a0<\/span><\/p>\r\n<p>S\u2019installer \u00e0 Marrakech n\u2019est pas une d\u00e9cision anodine. C\u2019est d\u2019abord choisir le Maroc, terre de confluences au carrefour du bassin M\u00e9diterran\u00e9en et de l\u2019Afrique subsaharienne. C\u2019est aussi jeter son d\u00e9volu sur une ville en pleine expansion, conjuguant la douceur de vivre \u00e0 l\u2019effervescence, les traditions \u00e0 l\u2019audace cr\u00e9ative. Dans le sillage de la COP22 sur le climat, les grands acteurs de la politique, de la culture et de la mode internationales ont identifi\u00e9 son potentiel, qui s\u2019y pressent d\u00e9sormais lors de prestigieux \u00e9v\u00e9nements : Marrakech est le th\u00e9\u00e2tre de plusieurs Festivals du livre et de l\u2019incontournable 1-54 Contemporary African Art Fair. Tout r\u00e9cemment, la Maison Dior a choisi la Ville Rouge pour accueillir le d\u00e9fil\u00e9 de sa collection croisi\u00e8re, aux fortes impr\u00e9gnations africaines.<\/p>\r\n<p>&nbsp;<\/p>\r\n<p>&nbsp;<\/p>\r\n<h2><span lang=\"EN-US\">L\u2019agence stella\u2014gallery se veut le trait d\u2019union entre l\u2019art et l\u2019immobilier de luxe<\/span><\/h2>\r\n<p>Forte de sa connaissance d\u2019un environnement dont la richesse n\u2019a d\u2019\u00e9gale que sa diversit\u00e9, forte d\u2019un r\u00e9seau constitu\u00e9 au fil de ses rencontres et coups de coeur personnels, Stella de Bagneux vous initiera au g\u00e9nie d\u2019artistes contemporains d\u00e9j\u00e0 reconnus ou prometteurs. Mieux, elle vous ouvrira une fen\u00eatre sur leurs inspirations.<span class=\"Apple-converted-space\">\u00a0<\/span><\/p>\r\n<p>Expositions \u00e0 la galerie, accrochages d\u2019oeuvres dans les maisons en vente, visites d\u2019ateliers, tout sera mis en \u0153uvre pour vous accompagner dans le choix des tableaux et sculptures qui s\u2019accorderont \u00e0 vos go\u00fbts et viendront sublimer votre propri\u00e9t\u00e9.<span class=\"Apple-converted-space\">\u00a0<\/span><\/p>\r\n<p>&nbsp;<\/p>\r\n<p>Une partie des b\u00e9n\u00e9fices tir\u00e9s de cette activit\u00e9 seront revers\u00e9s aux Centres Culturels \u00ab\u00a0Les Etoiles de Sidi Moumen\u00a0\u00bb, fond\u00e9s par le peintre et \u00e9crivain Mahi Binebine et ayant vocation \u00e0 initier les jeunes de quartiers d\u00e9favoris\u00e9s de multiples villes au Maroc \u00e0 l\u2019art.<span class=\"Apple-converted-space\">\u00a0<\/span><\/p>\r\n<p>Une d\u00e9marche \u00e9thique et esth\u00e9tique, afin que votre propri\u00e9t\u00e9 vous ressemble et contribue \u00e0 la fois au d\u00e9veloppement et au rayonnement artistique d\u2019une des r\u00e9gions du monde les plus f\u00e9condes en la mati\u00e8re.<\/p>\r\n","protected":false},"excerpt":{"rendered":"<p>Notre d\u00e9marche Valeurs d\u2018investissement refuges, l\u2019immobilier de luxe et le monde de l\u2019art sont intimement li\u00e9s. Qu\u2019est-ce qu\u2019un bien immobilier d\u2019exception sinon une oeuvre d\u2019art habitable ? Mais une maison est bien plus qu\u2019un simple \u00e9crin : elle a aussi une \u00e2me, reflet de la personnalit\u00e9 de ses propri\u00e9taires comme du lieu o\u00f9 elle est [&hellip;]<\/p>\n","protected":false},"author":1,"featured_media":3696,"parent":0,"menu_order":0,"comment_status":"closed","ping_status":"closed","template":"page-philosophie.php","meta":{"_acf_changed":false,"_exactmetrics_skip_tracking":false,"_exactmetrics_sitenote_active":false,"_exactmetrics_sitenote_note":"","_exactmetrics_sitenote_category":0,"footnotes":""},"class_list":["post-117","page","type-page","status-publish","has-post-thumbnail","hentry"],"acf":[],"yoast_head":"<!-- This site is optimized with the Yoast SEO plugin v27.3 - https:\/\/yoast.com\/product\/yoast-seo-wordpress\/ -->\n<title>la philosophie - Stella Gallery - Stella de Bagneux<\/title>\n<meta name=\"description\" content=\"Forte de sa connaissance d\u2019un environnement dont la richesse n\u2019a d\u2019\u00e9gale que sa diversit\u00e9, forte d\u2019un r\u00e9seau constitu\u00e9 au fil de ses rencontres et coups de coeur personnels, Stella de Bagneux vous initiera au g\u00e9nie d\u2019artistes contemporains d\u00e9j\u00e0 reconnus ou prometteurs.\" \/>\n<meta name=\"robots\" content=\"index, follow, max-snippet:-1, max-image-preview:large, max-video-preview:-1\" \/>\n<link rel=\"canonical\" href=\"https:\/\/www.stella-gallery.com\/fr\/philosophie\/\" \/>\n<meta property=\"og:locale\" content=\"fr_FR\" \/>\n<meta property=\"og:type\" content=\"article\" \/>\n<meta property=\"og:title\" content=\"la philosophie - Stella Gallery - Stella de Bagneux\" \/>\n<meta property=\"og:description\" content=\"Forte de sa connaissance d\u2019un environnement dont la richesse n\u2019a d\u2019\u00e9gale que sa diversit\u00e9, forte d\u2019un r\u00e9seau constitu\u00e9 au fil de ses rencontres et coups de coeur personnels, Stella de Bagneux vous initiera au g\u00e9nie d\u2019artistes contemporains d\u00e9j\u00e0 reconnus ou prometteurs.\" \/>\n<meta property=\"og:url\" content=\"https:\/\/www.stella-gallery.com\/fr\/philosophie\/\" \/>\n<meta property=\"og:site_name\" content=\"Stella Gallery\" \/>\n<meta property=\"article:modified_time\" content=\"2019-07-15T17:10:53+00:00\" \/>\n<meta property=\"og:image\" content=\"https:\/\/www.stella-gallery.com\/wp-content\/uploads\/2019\/07\/Visuel-Stella-Philosophy.jpg\" \/>\n\t<meta property=\"og:image:width\" content=\"1298\" \/>\n\t<meta property=\"og:image:height\" content=\"516\" \/>\n\t<meta property=\"og:image:type\" content=\"image\/jpeg\" \/>\n<meta name=\"twitter:card\" content=\"summary_large_image\" \/>\n<meta name=\"twitter:title\" content=\"la philosophie - Stella Gallery - Stella de Bagneux\" \/>\n<meta name=\"twitter:description\" content=\"Forte de sa connaissance d\u2019un environnement dont la richesse n\u2019a d\u2019\u00e9gale que sa diversit\u00e9, forte d\u2019un r\u00e9seau constitu\u00e9 au fil de ses rencontres et coups de coeur personnels, Stella de Bagneux vous initiera au g\u00e9nie d\u2019artistes contemporains d\u00e9j\u00e0 reconnus ou prometteurs.\" \/>\n<meta name=\"twitter:image\" content=\"https:\/\/www.stella-gallery.com\/wp-content\/uploads\/2019\/07\/Visuel-Stella-Philosophy.jpg\" \/>\n<meta name=\"twitter:label1\" content=\"Dur\u00e9e de lecture estim\u00e9e\" \/>\n\t<meta name=\"twitter:data1\" content=\"2 minutes\" \/>\n<script type=\"application\/ld+json\" class=\"yoast-schema-graph\">{\"@context\":\"https:\\\/\\\/schema.org\",\"@graph\":[{\"@type\":\"WebPage\",\"@id\":\"https:\\\/\\\/www.stella-gallery.com\\\/fr\\\/philosophie\\\/\",\"url\":\"https:\\\/\\\/www.stella-gallery.com\\\/fr\\\/philosophie\\\/\",\"name\":\"la philosophie - Stella Gallery - Stella de Bagneux\",\"isPartOf\":{\"@id\":\"https:\\\/\\\/www.stella-gallery.com\\\/fr\\\/#website\"},\"primaryImageOfPage\":{\"@id\":\"https:\\\/\\\/www.stella-gallery.com\\\/fr\\\/philosophie\\\/#primaryimage\"},\"image\":{\"@id\":\"https:\\\/\\\/www.stella-gallery.com\\\/fr\\\/philosophie\\\/#primaryimage\"},\"thumbnailUrl\":\"https:\\\/\\\/www.stella-gallery.com\\\/wp-content\\\/uploads\\\/2019\\\/07\\\/Visuel-Stella-Philosophy.jpg\",\"datePublished\":\"2019-02-17T10:33:54+00:00\",\"dateModified\":\"2019-07-15T17:10:53+00:00\",\"description\":\"Forte de sa connaissance d\u2019un environnement dont la richesse n\u2019a d\u2019\u00e9gale que sa diversit\u00e9, forte d\u2019un r\u00e9seau constitu\u00e9 au fil de ses rencontres et coups de coeur personnels, Stella de Bagneux vous initiera au g\u00e9nie d\u2019artistes contemporains d\u00e9j\u00e0 reconnus ou prometteurs.\",\"breadcrumb\":{\"@id\":\"https:\\\/\\\/www.stella-gallery.com\\\/fr\\\/philosophie\\\/#breadcrumb\"},\"inLanguage\":\"fr-FR\",\"potentialAction\":[{\"@type\":\"ReadAction\",\"target\":[\"https:\\\/\\\/www.stella-gallery.com\\\/fr\\\/philosophie\\\/\"]}]},{\"@type\":\"ImageObject\",\"inLanguage\":\"fr-FR\",\"@id\":\"https:\\\/\\\/www.stella-gallery.com\\\/fr\\\/philosophie\\\/#primaryimage\",\"url\":\"https:\\\/\\\/www.stella-gallery.com\\\/wp-content\\\/uploads\\\/2019\\\/07\\\/Visuel-Stella-Philosophy.jpg\",\"contentUrl\":\"https:\\\/\\\/www.stella-gallery.com\\\/wp-content\\\/uploads\\\/2019\\\/07\\\/Visuel-Stella-Philosophy.jpg\",\"width\":1298,\"height\":516,\"caption\":\"Stella Gallery Philosophie\"},{\"@type\":\"BreadcrumbList\",\"@id\":\"https:\\\/\\\/www.stella-gallery.com\\\/fr\\\/philosophie\\\/#breadcrumb\",\"itemListElement\":[{\"@type\":\"ListItem\",\"position\":1,\"name\":\"Home\",\"item\":\"https:\\\/\\\/www.stella-gallery.com\\\/fr\\\/\"},{\"@type\":\"ListItem\",\"position\":2,\"name\":\"Philosophie\"}]},{\"@type\":\"WebSite\",\"@id\":\"https:\\\/\\\/www.stella-gallery.com\\\/fr\\\/#website\",\"url\":\"https:\\\/\\\/www.stella-gallery.com\\\/fr\\\/\",\"name\":\"Stella Gallery\",\"description\":\"\",\"potentialAction\":[{\"@type\":\"SearchAction\",\"target\":{\"@type\":\"EntryPoint\",\"urlTemplate\":\"https:\\\/\\\/www.stella-gallery.com\\\/fr\\\/?s={search_term_string}\"},\"query-input\":{\"@type\":\"PropertyValueSpecification\",\"valueRequired\":true,\"valueName\":\"search_term_string\"}}],\"inLanguage\":\"fr-FR\"}]}<\/script>\n<!-- \/ Yoast SEO plugin. -->","yoast_head_json":{"title":"la philosophie - Stella Gallery - Stella de Bagneux","description":"Forte de sa connaissance d\u2019un environnement dont la richesse n\u2019a d\u2019\u00e9gale que sa diversit\u00e9, forte d\u2019un r\u00e9seau constitu\u00e9 au fil de ses rencontres et coups de coeur personnels, Stella de Bagneux vous initiera au g\u00e9nie d\u2019artistes contemporains d\u00e9j\u00e0 reconnus ou prometteurs.","robots":{"index":"index","follow":"follow","max-snippet":"max-snippet:-1","max-image-preview":"max-image-preview:large","max-video-preview":"max-video-preview:-1"},"canonical":"https:\/\/www.stella-gallery.com\/fr\/philosophie\/","og_locale":"fr_FR","og_type":"article","og_title":"la philosophie - Stella Gallery - Stella de Bagneux","og_description":"Forte de sa connaissance d\u2019un environnement dont la richesse n\u2019a d\u2019\u00e9gale que sa diversit\u00e9, forte d\u2019un r\u00e9seau constitu\u00e9 au fil de ses rencontres et coups de coeur personnels, Stella de Bagneux vous initiera au g\u00e9nie d\u2019artistes contemporains d\u00e9j\u00e0 reconnus ou prometteurs.","og_url":"https:\/\/www.stella-gallery.com\/fr\/philosophie\/","og_site_name":"Stella Gallery","article_modified_time":"2019-07-15T17:10:53+00:00","og_image":[{"width":1298,"height":516,"url":"https:\/\/www.stella-gallery.com\/wp-content\/uploads\/2019\/07\/Visuel-Stella-Philosophy.jpg","type":"image\/jpeg"}],"twitter_card":"summary_large_image","twitter_title":"la philosophie - Stella Gallery - Stella de Bagneux","twitter_description":"Forte de sa connaissance d\u2019un environnement dont la richesse n\u2019a d\u2019\u00e9gale que sa diversit\u00e9, forte d\u2019un r\u00e9seau constitu\u00e9 au fil de ses rencontres et coups de coeur personnels, Stella de Bagneux vous initiera au g\u00e9nie d\u2019artistes contemporains d\u00e9j\u00e0 reconnus ou prometteurs.","twitter_image":"https:\/\/www.stella-gallery.com\/wp-content\/uploads\/2019\/07\/Visuel-Stella-Philosophy.jpg","twitter_misc":{"Dur\u00e9e de lecture estim\u00e9e":"2 minutes"},"schema":{"@context":"https:\/\/schema.org","@graph":[{"@type":"WebPage","@id":"https:\/\/www.stella-gallery.com\/fr\/philosophie\/","url":"https:\/\/www.stella-gallery.com\/fr\/philosophie\/","name":"la philosophie - Stella Gallery - Stella de Bagneux","isPartOf":{"@id":"https:\/\/www.stella-gallery.com\/fr\/#website"},"primaryImageOfPage":{"@id":"https:\/\/www.stella-gallery.com\/fr\/philosophie\/#primaryimage"},"image":{"@id":"https:\/\/www.stella-gallery.com\/fr\/philosophie\/#primaryimage"},"thumbnailUrl":"https:\/\/www.stella-gallery.com\/wp-content\/uploads\/2019\/07\/Visuel-Stella-Philosophy.jpg","datePublished":"2019-02-17T10:33:54+00:00","dateModified":"2019-07-15T17:10:53+00:00","description":"Forte de sa connaissance d\u2019un environnement dont la richesse n\u2019a d\u2019\u00e9gale que sa diversit\u00e9, forte d\u2019un r\u00e9seau constitu\u00e9 au fil de ses rencontres et coups de coeur personnels, Stella de Bagneux vous initiera au g\u00e9nie d\u2019artistes contemporains d\u00e9j\u00e0 reconnus ou prometteurs.","breadcrumb":{"@id":"https:\/\/www.stella-gallery.com\/fr\/philosophie\/#breadcrumb"},"inLanguage":"fr-FR","potentialAction":[{"@type":"ReadAction","target":["https:\/\/www.stella-gallery.com\/fr\/philosophie\/"]}]},{"@type":"ImageObject","inLanguage":"fr-FR","@id":"https:\/\/www.stella-gallery.com\/fr\/philosophie\/#primaryimage","url":"https:\/\/www.stella-gallery.com\/wp-content\/uploads\/2019\/07\/Visuel-Stella-Philosophy.jpg","contentUrl":"https:\/\/www.stella-gallery.com\/wp-content\/uploads\/2019\/07\/Visuel-Stella-Philosophy.jpg","width":1298,"height":516,"caption":"Stella Gallery Philosophie"},{"@type":"BreadcrumbList","@id":"https:\/\/www.stella-gallery.com\/fr\/philosophie\/#breadcrumb","itemListElement":[{"@type":"ListItem","position":1,"name":"Home","item":"https:\/\/www.stella-gallery.com\/fr\/"},{"@type":"ListItem","position":2,"name":"Philosophie"}]},{"@type":"WebSite","@id":"https:\/\/www.stella-gallery.com\/fr\/#website","url":"https:\/\/www.stella-gallery.com\/fr\/","name":"Stella Gallery","description":"","potentialAction":[{"@type":"SearchAction","target":{"@type":"EntryPoint","urlTemplate":"https:\/\/www.stella-gallery.com\/fr\/?s={search_term_string}"},"query-input":{"@type":"PropertyValueSpecification","valueRequired":true,"valueName":"search_term_string"}}],"inLanguage":"fr-FR"}]}},"_links":{"self":[{"href":"https:\/\/www.stella-gallery.com\/fr\/wp-json\/wp\/v2\/pages\/117","targetHints":{"allow":["GET"]}}],"collection":[{"href":"https:\/\/www.stella-gallery.com\/fr\/wp-json\/wp\/v2\/pages"}],"about":[{"href":"https:\/\/www.stella-gallery.com\/fr\/wp-json\/wp\/v2\/types\/page"}],"author":[{"embeddable":true,"href":"https:\/\/www.stella-gallery.com\/fr\/wp-json\/wp\/v2\/users\/1"}],"replies":[{"embeddable":true,"href":"https:\/\/www.stella-gallery.com\/fr\/wp-json\/wp\/v2\/comments?post=117"}],"version-history":[{"count":12,"href":"https:\/\/www.stella-gallery.com\/fr\/wp-json\/wp\/v2\/pages\/117\/revisions"}],"predecessor-version":[{"id":3742,"href":"https:\/\/www.stella-gallery.com\/fr\/wp-json\/wp\/v2\/pages\/117\/revisions\/3742"}],"wp:featuredmedia":[{"embeddable":true,"href":"https:\/\/www.stella-gallery.com\/fr\/wp-json\/wp\/v2\/media\/3696"}],"wp:attachment":[{"href":"https:\/\/www.stella-gallery.com\/fr\/wp-json\/wp\/v2\/media?parent=117"}],"curies":[{"name":"wp","href":"https:\/\/api.w.org\/{rel}","templated":true}]}}